{"id":35,"date":"2025-11-10T15:49:00","date_gmt":"2025-11-10T15:49:00","guid":{"rendered":"https:\/\/www.entreletasyescenas.com\/wordpress\/?page_id=35"},"modified":"2026-01-30T15:58:59","modified_gmt":"2026-01-30T15:58:59","slug":"formulario-de-contacto-entre-letras-y-escenas","status":"publish","type":"page","link":"https:\/\/www.entreletasyescenas.com\/wordpress\/formulario-de-contacto-entre-letras-y-escenas\/","title":{"rendered":"CONTACTO"},"content":{"rendered":"\n<p class=\"wp-block-paragraph\">Si quieres compartir una recomendaci\u00f3n, una duda o simplemente saludarnos, utiliza nuestro formulario. Estaremos encantadas de leerte y responderte.<\/p>\n\n\n\n<h2 class=\"wp-block-heading\">Formulario de contacto<\/h2>\n\n\n\n<div class=\"wp-block-contact-form-7-contact-form-selector\">\n<div class=\"wpcf7 no-js\" id=\"wpcf7-f97-o1\" lang=\"es-ES\" dir=\"ltr\" data-wpcf7-id=\"97\">\n<div class=\"screen-reader-response\"><p role=\"status\" aria-live=\"polite\" aria-atomic=\"true\"><\/p> <ul><\/ul><\/div>\n<form action=\"\/wordpress\/wp-json\/wp\/v2\/pages\/35#wpcf7-f97-o1\" method=\"post\" class=\"wpcf7-form init\" aria-label=\"Formulario de contacto\" novalidate=\"novalidate\" data-status=\"init\">\n<fieldset class=\"hidden-fields-container\"><input type=\"hidden\" name=\"_wpcf7\" value=\"97\" \/><input type=\"hidden\" name=\"_wpcf7_version\" value=\"6.1.5\" \/><input type=\"hidden\" name=\"_wpcf7_locale\" value=\"es_ES\" \/><input type=\"hidden\" name=\"_wpcf7_unit_tag\" value=\"wpcf7-f97-o1\" \/><input type=\"hidden\" name=\"_wpcf7_container_post\" value=\"0\" \/><input type=\"hidden\" name=\"_wpcf7_posted_data_hash\" value=\"\" \/>\n<\/fieldset>\n<p><label> Nombre<br \/>\n<span class=\"wpcf7-form-control-wrap\" data-name=\"your-name\"><input size=\"40\" maxlength=\"400\" class=\"wpcf7-form-control wpcf7-text wpcf7-validates-as-required\" aria-required=\"true\" aria-invalid=\"false\" value=\"\" type=\"text\" name=\"your-name\" \/><\/span><br \/>\n<\/label>\n<\/p>\n<p><label> Correo electr\u00f3nico<br \/>\n<span class=\"wpcf7-form-control-wrap\" data-name=\"your-email\"><input size=\"40\" maxlength=\"400\" class=\"wpcf7-form-control wpcf7-email wpcf7-validates-as-required wpcf7-text wpcf7-validates-as-email\" aria-required=\"true\" aria-invalid=\"false\" value=\"\" type=\"email\" name=\"your-email\" \/><\/span><br \/>\n<\/label>\n<\/p>\n<p><label> Asunto<br \/>\n<span class=\"wpcf7-form-control-wrap\" data-name=\"your-subject\"><input size=\"40\" maxlength=\"400\" class=\"wpcf7-form-control wpcf7-text wpcf7-validates-as-required\" aria-required=\"true\" aria-invalid=\"false\" value=\"\" type=\"text\" name=\"your-subject\" \/><\/span><br \/>\n<\/label>\n<\/p>\n<p><label> Mensaje<br \/>\n<span class=\"wpcf7-form-control-wrap\" data-name=\"your-message\"><textarea cols=\"40\" rows=\"10\" maxlength=\"2000\" class=\"wpcf7-form-control wpcf7-textarea\" aria-invalid=\"false\" name=\"your-message\"><\/textarea><\/span><br \/>\n<\/label>\n<\/p>\n<p><input class=\"wpcf7-form-control wpcf7-submit has-spinner\" type=\"submit\" value=\"Enviar\" \/><br \/>\n<\/p><div class=\"wpcf7-response-output\" aria-hidden=\"true\"><\/div>\n<\/form>\n<\/div>\n<\/div>\n\n\n\n<p class=\"wp-block-paragraph\">Gracias por formar parte de esta comunidad donde las historias siempre encuentran nuevas formas de contarse.<\/p>\n","protected":false},"excerpt":{"rendered":"<p>Si quieres compartir una recomendaci\u00f3n, una duda o simplemente saludarnos, utiliza nuestro formulario. Estaremos encantadas de leerte y responderte. Formulario de contacto Gracias por formar parte de esta comunidad donde [&hellip;]<\/p>\n","protected":false},"author":1,"featured_media":0,"parent":0,"menu_order":0,"comment_status":"closed","ping_status":"open","template":"","meta":{"_crdt_document":"","footnotes":""},"class_list":["post-35","page","type-page","status-publish","hentry"],"yoast_head":"<!-- This site is optimized with the Yoast SEO plugin v27.1.1 - https:\/\/yoast.com\/product\/yoast-seo-wordpress\/ -->\n<title>Formulario de contacto: Entre Letras y Escenas<\/title>\n<meta name=\"description\" content=\"Usa nuestro formulario de contacto para enviarnos dudas, recomendaciones o saludos. En Entre Letras y Escenas estamos encantadas de leerte.\" \/>\n<meta name=\"robots\" content=\"index, follow, max-snippet:-1, max-image-preview:large, max-video-preview:-1\" \/>\n<link rel=\"canonical\" href=\"https:\/\/www.entreletasyescenas.com\/wordpress\/formulario-de-contacto-entre-letras-y-escenas\/\" \/>\n<meta property=\"og:locale\" content=\"es_ES\" \/>\n<meta property=\"og:type\" content=\"article\" \/>\n<meta property=\"og:title\" content=\"Formulario de contacto: Entre Letras y Escenas\" \/>\n<meta property=\"og:description\" content=\"Usa nuestro formulario de contacto para enviarnos dudas, recomendaciones o saludos. En Entre Letras y Escenas estamos encantadas de leerte.\" \/>\n<meta property=\"og:url\" content=\"https:\/\/www.entreletasyescenas.com\/wordpress\/formulario-de-contacto-entre-letras-y-escenas\/\" \/>\n<meta property=\"og:site_name\" content=\"Entre letras y escenas\" \/>\n<meta property=\"article:modified_time\" content=\"2026-01-30T15:58:59+00:00\" \/>\n<meta name=\"twitter:card\" content=\"summary_large_image\" \/>\n<meta name=\"twitter:label1\" content=\"Tiempo de lectura\" \/>\n\t<meta name=\"twitter:data1\" content=\"1 minuto\" \/>\n<script type=\"application\/ld+json\" class=\"yoast-schema-graph\">{\"@context\":\"https:\/\/schema.org\",\"@graph\":[{\"@type\":[\"WebPage\",\"AboutPage\"],\"@id\":\"https:\/\/www.entreletasyescenas.com\/wordpress\/formulario-de-contacto-entre-letras-y-escenas\/\",\"url\":\"https:\/\/www.entreletasyescenas.com\/wordpress\/formulario-de-contacto-entre-letras-y-escenas\/\",\"name\":\"Formulario de contacto: Entre Letras y Escenas\",\"isPartOf\":{\"@id\":\"https:\/\/www.entreletasyescenas.com\/wordpress\/#website\"},\"datePublished\":\"2025-11-10T15:49:00+00:00\",\"dateModified\":\"2026-01-30T15:58:59+00:00\",\"description\":\"Usa nuestro formulario de contacto para enviarnos dudas, recomendaciones o saludos. En Entre Letras y Escenas estamos encantadas de leerte.\",\"breadcrumb\":{\"@id\":\"https:\/\/www.entreletasyescenas.com\/wordpress\/formulario-de-contacto-entre-letras-y-escenas\/#breadcrumb\"},\"inLanguage\":\"es\",\"potentialAction\":[{\"@type\":\"ReadAction\",\"target\":[\"https:\/\/www.entreletasyescenas.com\/wordpress\/formulario-de-contacto-entre-letras-y-escenas\/\"]}]},{\"@type\":\"BreadcrumbList\",\"@id\":\"https:\/\/www.entreletasyescenas.com\/wordpress\/formulario-de-contacto-entre-letras-y-escenas\/#breadcrumb\",\"itemListElement\":[{\"@type\":\"ListItem\",\"position\":1,\"name\":\"Portada\",\"item\":\"https:\/\/www.entreletasyescenas.com\/wordpress\/\"},{\"@type\":\"ListItem\",\"position\":2,\"name\":\"CONTACTO\"}]},{\"@type\":\"WebSite\",\"@id\":\"https:\/\/www.entreletasyescenas.com\/wordpress\/#website\",\"url\":\"https:\/\/www.entreletasyescenas.com\/wordpress\/\",\"name\":\"Entre letras y escenas\",\"description\":\"La gu\u00eda que conecta libros y pantallas. Descubre qu\u00e9 cambia, qu\u00e9 permanece y qu\u00e9 vale m\u00e1s la pena seg\u00fan tu forma de disfrutar historias\",\"publisher\":{\"@id\":\"https:\/\/www.entreletasyescenas.com\/wordpress\/#organization\"},\"potentialAction\":[{\"@type\":\"SearchAction\",\"target\":{\"@type\":\"EntryPoint\",\"urlTemplate\":\"https:\/\/www.entreletasyescenas.com\/wordpress\/?s={search_term_string}\"},\"query-input\":{\"@type\":\"PropertyValueSpecification\",\"valueRequired\":true,\"valueName\":\"search_term_string\"}}],\"inLanguage\":\"es\"},{\"@type\":\"Organization\",\"@id\":\"https:\/\/www.entreletasyescenas.com\/wordpress\/#organization\",\"name\":\"Entre letras y escenas\",\"url\":\"https:\/\/www.entreletasyescenas.com\/wordpress\/\",\"logo\":{\"@type\":\"ImageObject\",\"inLanguage\":\"es\",\"@id\":\"https:\/\/www.entreletasyescenas.com\/wordpress\/#\/schema\/logo\/image\/\",\"url\":\"https:\/\/www.entreletasyescenas.com\/wordpress\/wp-content\/uploads\/2025\/11\/cropped-cropped-cropped-fav_icon_EE.png\",\"contentUrl\":\"https:\/\/www.entreletasyescenas.com\/wordpress\/wp-content\/uploads\/2025\/11\/cropped-cropped-cropped-fav_icon_EE.png\",\"width\":510,\"height\":510,\"caption\":\"Entre letras y escenas\"},\"image\":{\"@id\":\"https:\/\/www.entreletasyescenas.com\/wordpress\/#\/schema\/logo\/image\/\"}}]}<\/script>\n<!-- \/ Yoast SEO plugin. -->","yoast_head_json":{"title":"Formulario de contacto: Entre Letras y Escenas","description":"Usa nuestro formulario de contacto para enviarnos dudas, recomendaciones o saludos. En Entre Letras y Escenas estamos encantadas de leerte.","robots":{"index":"index","follow":"follow","max-snippet":"max-snippet:-1","max-image-preview":"max-image-preview:large","max-video-preview":"max-video-preview:-1"},"canonical":"https:\/\/www.entreletasyescenas.com\/wordpress\/formulario-de-contacto-entre-letras-y-escenas\/","og_locale":"es_ES","og_type":"article","og_title":"Formulario de contacto: Entre Letras y Escenas","og_description":"Usa nuestro formulario de contacto para enviarnos dudas, recomendaciones o saludos. En Entre Letras y Escenas estamos encantadas de leerte.","og_url":"https:\/\/www.entreletasyescenas.com\/wordpress\/formulario-de-contacto-entre-letras-y-escenas\/","og_site_name":"Entre letras y escenas","article_modified_time":"2026-01-30T15:58:59+00:00","twitter_card":"summary_large_image","twitter_misc":{"Tiempo de lectura":"1 minuto"},"schema":{"@context":"https:\/\/schema.org","@graph":[{"@type":["WebPage","AboutPage"],"@id":"https:\/\/www.entreletasyescenas.com\/wordpress\/formulario-de-contacto-entre-letras-y-escenas\/","url":"https:\/\/www.entreletasyescenas.com\/wordpress\/formulario-de-contacto-entre-letras-y-escenas\/","name":"Formulario de contacto: Entre Letras y Escenas","isPartOf":{"@id":"https:\/\/www.entreletasyescenas.com\/wordpress\/#website"},"datePublished":"2025-11-10T15:49:00+00:00","dateModified":"2026-01-30T15:58:59+00:00","description":"Usa nuestro formulario de contacto para enviarnos dudas, recomendaciones o saludos. En Entre Letras y Escenas estamos encantadas de leerte.","breadcrumb":{"@id":"https:\/\/www.entreletasyescenas.com\/wordpress\/formulario-de-contacto-entre-letras-y-escenas\/#breadcrumb"},"inLanguage":"es","potentialAction":[{"@type":"ReadAction","target":["https:\/\/www.entreletasyescenas.com\/wordpress\/formulario-de-contacto-entre-letras-y-escenas\/"]}]},{"@type":"BreadcrumbList","@id":"https:\/\/www.entreletasyescenas.com\/wordpress\/formulario-de-contacto-entre-letras-y-escenas\/#breadcrumb","itemListElement":[{"@type":"ListItem","position":1,"name":"Portada","item":"https:\/\/www.entreletasyescenas.com\/wordpress\/"},{"@type":"ListItem","position":2,"name":"CONTACTO"}]},{"@type":"WebSite","@id":"https:\/\/www.entreletasyescenas.com\/wordpress\/#website","url":"https:\/\/www.entreletasyescenas.com\/wordpress\/","name":"Entre letras y escenas","description":"La gu\u00eda que conecta libros y pantallas. Descubre qu\u00e9 cambia, qu\u00e9 permanece y qu\u00e9 vale m\u00e1s la pena seg\u00fan tu forma de disfrutar historias","publisher":{"@id":"https:\/\/www.entreletasyescenas.com\/wordpress\/#organization"},"potentialAction":[{"@type":"SearchAction","target":{"@type":"EntryPoint","urlTemplate":"https:\/\/www.entreletasyescenas.com\/wordpress\/?s={search_term_string}"},"query-input":{"@type":"PropertyValueSpecification","valueRequired":true,"valueName":"search_term_string"}}],"inLanguage":"es"},{"@type":"Organization","@id":"https:\/\/www.entreletasyescenas.com\/wordpress\/#organization","name":"Entre letras y escenas","url":"https:\/\/www.entreletasyescenas.com\/wordpress\/","logo":{"@type":"ImageObject","inLanguage":"es","@id":"https:\/\/www.entreletasyescenas.com\/wordpress\/#\/schema\/logo\/image\/","url":"https:\/\/www.entreletasyescenas.com\/wordpress\/wp-content\/uploads\/2025\/11\/cropped-cropped-cropped-fav_icon_EE.png","contentUrl":"https:\/\/www.entreletasyescenas.com\/wordpress\/wp-content\/uploads\/2025\/11\/cropped-cropped-cropped-fav_icon_EE.png","width":510,"height":510,"caption":"Entre letras y escenas"},"image":{"@id":"https:\/\/www.entreletasyescenas.com\/wordpress\/#\/schema\/logo\/image\/"}}]}},"jetpack_sharing_enabled":true,"_links":{"self":[{"href":"https:\/\/www.entreletasyescenas.com\/wordpress\/wp-json\/wp\/v2\/pages\/35","targetHints":{"allow":["GET"]}}],"collection":[{"href":"https:\/\/www.entreletasyescenas.com\/wordpress\/wp-json\/wp\/v2\/pages"}],"about":[{"href":"https:\/\/www.entreletasyescenas.com\/wordpress\/wp-json\/wp\/v2\/types\/page"}],"author":[{"embeddable":true,"href":"https:\/\/www.entreletasyescenas.com\/wordpress\/wp-json\/wp\/v2\/users\/1"}],"replies":[{"embeddable":true,"href":"https:\/\/www.entreletasyescenas.com\/wordpress\/wp-json\/wp\/v2\/comments?post=35"}],"version-history":[{"count":21,"href":"https:\/\/www.entreletasyescenas.com\/wordpress\/wp-json\/wp\/v2\/pages\/35\/revisions"}],"predecessor-version":[{"id":449,"href":"https:\/\/www.entreletasyescenas.com\/wordpress\/wp-json\/wp\/v2\/pages\/35\/revisions\/449"}],"wp:attachment":[{"href":"https:\/\/www.entreletasyescenas.com\/wordpress\/wp-json\/wp\/v2\/media?parent=35"}],"curies":[{"name":"wp","href":"https:\/\/api.w.org\/{rel}","templated":true}]}}