{"id":305,"date":"2025-12-05T11:03:15","date_gmt":"2025-12-05T11:03:15","guid":{"rendered":"https:\/\/www.entreletasyescenas.com\/wordpress\/?page_id=305"},"modified":"2026-01-30T16:51:40","modified_gmt":"2026-01-30T16:51:40","slug":"entre-letras-y-escenas","status":"publish","type":"page","link":"https:\/\/www.entreletasyescenas.com\/wordpress\/","title":{"rendered":"INICIO"},"content":{"rendered":"\n<h2 class=\"wp-block-heading has-black-color has-text-color has-link-color wp-elements-d6221b64313a52a25a560c71e059ff55\">Gu\u00edas y comparativas de libros y cine en Entre Letras y Escenas<\/h2>\n\n\n\n<p class=\"wp-block-paragraph\">En <strong>Entre Letras y Escenas<\/strong> hablamos de adaptaciones literarias, d\u00f3nde descubrir\u00e1s qu\u00e9 ocurre cuando los libros cobran vida en series y pel\u00edculas. Cada semana compartimos gu\u00edas, tests y recomendaciones para disfrutar historias en papel y pantalla.<\/p>\n\n\n\n<p class=\"wp-block-paragraph\">Descubre dentro de Entre Letras y Escenas encuentra adaptaciones literarias y gu\u00edas, comparativas y novedades que te ayudar\u00e1n a disfrutar adaptaciones cinematogr\u00e1ficas y lecturas favoritas sin perderte nada.<\/p>\n\n\n\n<h3 class=\"wp-block-heading\">Aqu\u00ed encontrar\u00e1s<\/h3>\n\n\n\n<div class=\"wp-block-group is-nowrap is-layout-flex wp-container-core-group-is-layout-7387b849 wp-block-group-is-layout-flex\">\n<ul class=\"wp-block-list\">\n<li><strong><a href=\"https:\/\/www.entreletasyescenas.com\/wordpress\/novedades-adaptaciones\/\">Novedades<\/a> <\/strong>para enterarte antes de que nadie de los pr\u00f3ximos estrenos y anuncios del mundo de las adaptaciones.<\/li>\n\n\n\n<li>En nuestros <strong><a href=\"https:\/\/www.entreletasyescenas.com\/wordpress\/recursos-entre-letras-y-escenas\/\">recursos<\/a> <\/strong>encontrar\u00e1s herramientas que te ayudar\u00e1n a entender las adaptaciones, tipo de espectador y conceptos clave.\n<ul class=\"wp-block-list\">\n<li><a href=\"https:\/\/www.entreletasyescenas.com\/wordpress\/recursos-entre-letras-y-escenas\/guias-definitivas-entre-letras-y-escenas\/\"><strong>Gu\u00edas definitivas<\/strong><\/a> que te explican las diferencias entre el libro y la pantalla.<\/li>\n\n\n\n<li><a href=\"https:\/\/www.entreletasyescenas.com\/wordpress\/recursos-entre-letras-y-escenas\/glosario-de-terminos-entre-escenas-y-letras\/\"><strong>Glosario de t\u00e9rminos<\/strong><\/a> para entender conceptos clave sin confusiones<\/li>\n\n\n\n<li><strong><a href=\"https:\/\/www.entreletasyescenas.com\/wordpress\/recursos-entre-letras-y-escenas\/tests-dinamicos\/\">Tests interactivos<\/a><\/strong> para descubrir qu\u00e9 tipo de lector o espectador eres y qu\u00e9 historia va contigo.<\/li>\n<\/ul>\n<\/li>\n<\/ul>\n\n\n<div class=\"wp-block-image wp-duotone-unset-1\">\n<figure class=\"aligncenter size-full is-resized\"><img loading=\"lazy\" decoding=\"async\" width=\"510\" height=\"510\" src=\"https:\/\/www.entreletasyescenas.com\/wordpress\/wp-content\/uploads\/2025\/11\/cropped-cropped-cropped-cropped-fav_icon_EE.png\" alt=\"Logotipo del sitio de libros y cine Entre Letras y Escenas\" class=\"wp-image-148\" style=\"width:165px;height:auto\" srcset=\"https:\/\/www.entreletasyescenas.com\/wordpress\/wp-content\/uploads\/2025\/11\/cropped-cropped-cropped-cropped-fav_icon_EE.png 510w, https:\/\/www.entreletasyescenas.com\/wordpress\/wp-content\/uploads\/2025\/11\/cropped-cropped-cropped-cropped-fav_icon_EE-300x300.png 300w, https:\/\/www.entreletasyescenas.com\/wordpress\/wp-content\/uploads\/2025\/11\/cropped-cropped-cropped-cropped-fav_icon_EE-150x150.png 150w\" sizes=\"auto, (max-width: 510px) 100vw, 510px\" \/><\/figure>\n<\/div><\/div>\n\n\n\n<p class=\"has-black-color has-text-color has-link-color wp-elements-f3a73d8367ddb97f91de99151534001e wp-block-paragraph\"><em>Prep\u00e1rate para explorar, comparar y dejarte sorprender: aqu\u00ed cada historia <\/em><em>tiene dos caminos, y t\u00fa decides por cu\u00e1l empezar.<\/em><\/p>\n\n\n\n<p class=\"wp-block-paragraph\"><\/p>\n","protected":false},"excerpt":{"rendered":"<p>Gu\u00edas y comparativas de libros y cine en Entre Letras y Escenas En Entre Letras y Escenas hablamos de adaptaciones literarias, d\u00f3nde descubrir\u00e1s qu\u00e9 ocurre cuando los libros cobran vida [&hellip;]<\/p>\n","protected":false},"author":1,"featured_media":0,"parent":0,"menu_order":0,"comment_status":"closed","ping_status":"closed","template":"","meta":{"_crdt_document":"","footnotes":""},"class_list":["post-305","page","type-page","status-publish","hentry"],"yoast_head":"<!-- This site is optimized with the Yoast SEO plugin v27.1.1 - https:\/\/yoast.com\/product\/yoast-seo-wordpress\/ -->\n<title>Entre Letras y Escenas: Descubre adaptaciones literarias<\/title>\n<meta name=\"description\" content=\"Entre Letras y Escenas analiza adaptaciones literarias. Encuentra gu\u00edas, glosarios y test para amantes del cine y literatura.\" \/>\n<meta name=\"robots\" content=\"index, follow, max-snippet:-1, max-image-preview:large, max-video-preview:-1\" \/>\n<link rel=\"canonical\" href=\"https:\/\/www.entreletasyescenas.com\/wordpress\/\" \/>\n<meta property=\"og:locale\" content=\"es_ES\" \/>\n<meta property=\"og:type\" content=\"article\" \/>\n<meta property=\"og:title\" content=\"Entre Letras y Escenas: Descubre adaptaciones literarias\" \/>\n<meta property=\"og:description\" content=\"Entre Letras y Escenas analiza adaptaciones literarias. Encuentra gu\u00edas, glosarios y test para amantes del cine y literatura.\" \/>\n<meta property=\"og:url\" content=\"https:\/\/www.entreletasyescenas.com\/wordpress\/\" \/>\n<meta property=\"og:site_name\" content=\"Entre letras y escenas\" \/>\n<meta property=\"article:modified_time\" content=\"2026-01-30T16:51:40+00:00\" \/>\n<meta property=\"og:image\" content=\"https:\/\/www.entreletasyescenas.com\/wordpress\/wp-content\/uploads\/2025\/11\/cropped-cropped-cropped-cropped-fav_icon_EE.png\" \/>\n\t<meta property=\"og:image:width\" content=\"510\" \/>\n\t<meta property=\"og:image:height\" content=\"510\" \/>\n\t<meta property=\"og:image:type\" content=\"image\/png\" \/>\n<meta name=\"twitter:card\" content=\"summary_large_image\" \/>\n<meta name=\"twitter:label1\" content=\"Tiempo de lectura\" \/>\n\t<meta name=\"twitter:data1\" content=\"1 minuto\" \/>\n<script type=\"application\/ld+json\" class=\"yoast-schema-graph\">{\"@context\":\"https:\/\/schema.org\",\"@graph\":[{\"@type\":\"WebPage\",\"@id\":\"https:\/\/www.entreletasyescenas.com\/wordpress\/\",\"url\":\"https:\/\/www.entreletasyescenas.com\/wordpress\/\",\"name\":\"Entre Letras y Escenas: Descubre adaptaciones literarias\",\"isPartOf\":{\"@id\":\"https:\/\/www.entreletasyescenas.com\/wordpress\/#website\"},\"primaryImageOfPage\":{\"@id\":\"https:\/\/www.entreletasyescenas.com\/wordpress\/#primaryimage\"},\"image\":{\"@id\":\"https:\/\/www.entreletasyescenas.com\/wordpress\/#primaryimage\"},\"thumbnailUrl\":\"https:\/\/www.entreletasyescenas.com\/wordpress\/wp-content\/uploads\/2025\/11\/cropped-cropped-cropped-cropped-fav_icon_EE.png\",\"datePublished\":\"2025-12-05T11:03:15+00:00\",\"dateModified\":\"2026-01-30T16:51:40+00:00\",\"description\":\"Entre Letras y Escenas analiza adaptaciones literarias. Encuentra gu\u00edas, glosarios y test para amantes del cine y literatura.\",\"breadcrumb\":{\"@id\":\"https:\/\/www.entreletasyescenas.com\/wordpress\/#breadcrumb\"},\"inLanguage\":\"es\",\"potentialAction\":[{\"@type\":\"ReadAction\",\"target\":[\"https:\/\/www.entreletasyescenas.com\/wordpress\/\"]}]},{\"@type\":\"ImageObject\",\"inLanguage\":\"es\",\"@id\":\"https:\/\/www.entreletasyescenas.com\/wordpress\/#primaryimage\",\"url\":\"https:\/\/www.entreletasyescenas.com\/wordpress\/wp-content\/uploads\/2025\/11\/cropped-cropped-cropped-cropped-fav_icon_EE.png\",\"contentUrl\":\"https:\/\/www.entreletasyescenas.com\/wordpress\/wp-content\/uploads\/2025\/11\/cropped-cropped-cropped-cropped-fav_icon_EE.png\",\"width\":510,\"height\":510},{\"@type\":\"BreadcrumbList\",\"@id\":\"https:\/\/www.entreletasyescenas.com\/wordpress\/#breadcrumb\",\"itemListElement\":[{\"@type\":\"ListItem\",\"position\":1,\"name\":\"Portada\",\"item\":\"https:\/\/www.entreletasyescenas.com\/wordpress\/\"},{\"@type\":\"ListItem\",\"position\":2,\"name\":\"Inicio\"}]},{\"@type\":\"WebSite\",\"@id\":\"https:\/\/www.entreletasyescenas.com\/wordpress\/#website\",\"url\":\"https:\/\/www.entreletasyescenas.com\/wordpress\/\",\"name\":\"Entre letras y escenas\",\"description\":\"La gu\u00eda que conecta libros y pantallas. Descubre qu\u00e9 cambia, qu\u00e9 permanece y qu\u00e9 vale m\u00e1s la pena seg\u00fan tu forma de disfrutar historias\",\"publisher\":{\"@id\":\"https:\/\/www.entreletasyescenas.com\/wordpress\/#organization\"},\"potentialAction\":[{\"@type\":\"SearchAction\",\"target\":{\"@type\":\"EntryPoint\",\"urlTemplate\":\"https:\/\/www.entreletasyescenas.com\/wordpress\/?s={search_term_string}\"},\"query-input\":{\"@type\":\"PropertyValueSpecification\",\"valueRequired\":true,\"valueName\":\"search_term_string\"}}],\"inLanguage\":\"es\"},{\"@type\":\"Organization\",\"@id\":\"https:\/\/www.entreletasyescenas.com\/wordpress\/#organization\",\"name\":\"Entre letras y escenas\",\"url\":\"https:\/\/www.entreletasyescenas.com\/wordpress\/\",\"logo\":{\"@type\":\"ImageObject\",\"inLanguage\":\"es\",\"@id\":\"https:\/\/www.entreletasyescenas.com\/wordpress\/#\/schema\/logo\/image\/\",\"url\":\"https:\/\/www.entreletasyescenas.com\/wordpress\/wp-content\/uploads\/2025\/11\/cropped-cropped-cropped-fav_icon_EE.png\",\"contentUrl\":\"https:\/\/www.entreletasyescenas.com\/wordpress\/wp-content\/uploads\/2025\/11\/cropped-cropped-cropped-fav_icon_EE.png\",\"width\":510,\"height\":510,\"caption\":\"Entre letras y escenas\"},\"image\":{\"@id\":\"https:\/\/www.entreletasyescenas.com\/wordpress\/#\/schema\/logo\/image\/\"}}]}<\/script>\n<!-- \/ Yoast SEO plugin. -->","yoast_head_json":{"title":"Entre Letras y Escenas: Descubre adaptaciones literarias","description":"Entre Letras y Escenas analiza adaptaciones literarias. Encuentra gu\u00edas, glosarios y test para amantes del cine y literatura.","robots":{"index":"index","follow":"follow","max-snippet":"max-snippet:-1","max-image-preview":"max-image-preview:large","max-video-preview":"max-video-preview:-1"},"canonical":"https:\/\/www.entreletasyescenas.com\/wordpress\/","og_locale":"es_ES","og_type":"article","og_title":"Entre Letras y Escenas: Descubre adaptaciones literarias","og_description":"Entre Letras y Escenas analiza adaptaciones literarias. Encuentra gu\u00edas, glosarios y test para amantes del cine y literatura.","og_url":"https:\/\/www.entreletasyescenas.com\/wordpress\/","og_site_name":"Entre letras y escenas","article_modified_time":"2026-01-30T16:51:40+00:00","og_image":[{"width":510,"height":510,"url":"https:\/\/www.entreletasyescenas.com\/wordpress\/wp-content\/uploads\/2025\/11\/cropped-cropped-cropped-cropped-fav_icon_EE.png","type":"image\/png"}],"twitter_card":"summary_large_image","twitter_misc":{"Tiempo de lectura":"1 minuto"},"schema":{"@context":"https:\/\/schema.org","@graph":[{"@type":"WebPage","@id":"https:\/\/www.entreletasyescenas.com\/wordpress\/","url":"https:\/\/www.entreletasyescenas.com\/wordpress\/","name":"Entre Letras y Escenas: Descubre adaptaciones literarias","isPartOf":{"@id":"https:\/\/www.entreletasyescenas.com\/wordpress\/#website"},"primaryImageOfPage":{"@id":"https:\/\/www.entreletasyescenas.com\/wordpress\/#primaryimage"},"image":{"@id":"https:\/\/www.entreletasyescenas.com\/wordpress\/#primaryimage"},"thumbnailUrl":"https:\/\/www.entreletasyescenas.com\/wordpress\/wp-content\/uploads\/2025\/11\/cropped-cropped-cropped-cropped-fav_icon_EE.png","datePublished":"2025-12-05T11:03:15+00:00","dateModified":"2026-01-30T16:51:40+00:00","description":"Entre Letras y Escenas analiza adaptaciones literarias. Encuentra gu\u00edas, glosarios y test para amantes del cine y literatura.","breadcrumb":{"@id":"https:\/\/www.entreletasyescenas.com\/wordpress\/#breadcrumb"},"inLanguage":"es","potentialAction":[{"@type":"ReadAction","target":["https:\/\/www.entreletasyescenas.com\/wordpress\/"]}]},{"@type":"ImageObject","inLanguage":"es","@id":"https:\/\/www.entreletasyescenas.com\/wordpress\/#primaryimage","url":"https:\/\/www.entreletasyescenas.com\/wordpress\/wp-content\/uploads\/2025\/11\/cropped-cropped-cropped-cropped-fav_icon_EE.png","contentUrl":"https:\/\/www.entreletasyescenas.com\/wordpress\/wp-content\/uploads\/2025\/11\/cropped-cropped-cropped-cropped-fav_icon_EE.png","width":510,"height":510},{"@type":"BreadcrumbList","@id":"https:\/\/www.entreletasyescenas.com\/wordpress\/#breadcrumb","itemListElement":[{"@type":"ListItem","position":1,"name":"Portada","item":"https:\/\/www.entreletasyescenas.com\/wordpress\/"},{"@type":"ListItem","position":2,"name":"Inicio"}]},{"@type":"WebSite","@id":"https:\/\/www.entreletasyescenas.com\/wordpress\/#website","url":"https:\/\/www.entreletasyescenas.com\/wordpress\/","name":"Entre letras y escenas","description":"La gu\u00eda que conecta libros y pantallas. Descubre qu\u00e9 cambia, qu\u00e9 permanece y qu\u00e9 vale m\u00e1s la pena seg\u00fan tu forma de disfrutar historias","publisher":{"@id":"https:\/\/www.entreletasyescenas.com\/wordpress\/#organization"},"potentialAction":[{"@type":"SearchAction","target":{"@type":"EntryPoint","urlTemplate":"https:\/\/www.entreletasyescenas.com\/wordpress\/?s={search_term_string}"},"query-input":{"@type":"PropertyValueSpecification","valueRequired":true,"valueName":"search_term_string"}}],"inLanguage":"es"},{"@type":"Organization","@id":"https:\/\/www.entreletasyescenas.com\/wordpress\/#organization","name":"Entre letras y escenas","url":"https:\/\/www.entreletasyescenas.com\/wordpress\/","logo":{"@type":"ImageObject","inLanguage":"es","@id":"https:\/\/www.entreletasyescenas.com\/wordpress\/#\/schema\/logo\/image\/","url":"https:\/\/www.entreletasyescenas.com\/wordpress\/wp-content\/uploads\/2025\/11\/cropped-cropped-cropped-fav_icon_EE.png","contentUrl":"https:\/\/www.entreletasyescenas.com\/wordpress\/wp-content\/uploads\/2025\/11\/cropped-cropped-cropped-fav_icon_EE.png","width":510,"height":510,"caption":"Entre letras y escenas"},"image":{"@id":"https:\/\/www.entreletasyescenas.com\/wordpress\/#\/schema\/logo\/image\/"}}]}},"jetpack_sharing_enabled":true,"_links":{"self":[{"href":"https:\/\/www.entreletasyescenas.com\/wordpress\/wp-json\/wp\/v2\/pages\/305","targetHints":{"allow":["GET"]}}],"collection":[{"href":"https:\/\/www.entreletasyescenas.com\/wordpress\/wp-json\/wp\/v2\/pages"}],"about":[{"href":"https:\/\/www.entreletasyescenas.com\/wordpress\/wp-json\/wp\/v2\/types\/page"}],"author":[{"embeddable":true,"href":"https:\/\/www.entreletasyescenas.com\/wordpress\/wp-json\/wp\/v2\/users\/1"}],"replies":[{"embeddable":true,"href":"https:\/\/www.entreletasyescenas.com\/wordpress\/wp-json\/wp\/v2\/comments?post=305"}],"version-history":[{"count":27,"href":"https:\/\/www.entreletasyescenas.com\/wordpress\/wp-json\/wp\/v2\/pages\/305\/revisions"}],"predecessor-version":[{"id":469,"href":"https:\/\/www.entreletasyescenas.com\/wordpress\/wp-json\/wp\/v2\/pages\/305\/revisions\/469"}],"wp:attachment":[{"href":"https:\/\/www.entreletasyescenas.com\/wordpress\/wp-json\/wp\/v2\/media?parent=305"}],"curies":[{"name":"wp","href":"https:\/\/api.w.org\/{rel}","templated":true}]}}