{"id":19,"date":"2025-11-01T14:46:46","date_gmt":"2025-11-01T14:46:46","guid":{"rendered":"https:\/\/www.entreletasyescenas.com\/wordpress\/?page_id=19"},"modified":"2025-12-05T09:54:34","modified_gmt":"2025-12-05T09:54:34","slug":"novedades-adaptaciones","status":"publish","type":"page","link":"https:\/\/www.entreletasyescenas.com\/wordpress\/novedades-adaptaciones\/","title":{"rendered":"NOVEDADES"},"content":{"rendered":"\n<p class=\"wp-block-paragraph\">Las \u00faltimas novedades del mundo de las adaptaciones en la gran pantalla: pr\u00f3ximos estrenos, nuevos anuncios, primeras im\u00e1genes, repartos confirmados y muchas otras noticias m\u00e1s.<\/p>\n\n\n\n<div class=\"wp-block-query is-layout-flow wp-block-query-is-layout-flow\"><ul class=\"wp-block-post-template has-medium-font-size is-layout-flow wp-block-post-template-is-layout-flow\"><li class=\"wp-block-post post-285 post type-post status-publish format-standard has-post-thumbnail hentry category-novedades-estrenos tag-chasing-red tag-gavin-casalegno tag-isabelle-ronin tag-madelaine-petsh tag-wattpad\">\n\n<div class=\"wp-block-columns are-vertically-aligned-center is-layout-flex wp-container-core-columns-is-layout-7387b849 wp-block-columns-is-layout-flex\">\n<div class=\"wp-block-column is-vertically-aligned-center is-layout-flow wp-block-column-is-layout-flow\" style=\"flex-basis:25%\"><figure class=\"wp-block-post-featured-image\"><a href=\"https:\/\/www.entreletasyescenas.com\/wordpress\/2025\/12\/05\/mackenzie-munro-adaptara-chasing-red\/\" target=\"_self\"  ><img loading=\"lazy\" decoding=\"async\" width=\"681\" height=\"383\" src=\"https:\/\/www.entreletasyescenas.com\/wordpress\/wp-content\/uploads\/2025\/12\/chasing-red.webp\" class=\"attachment-post-thumbnail size-post-thumbnail wp-post-image\" alt=\"Mackenzie Munro adaptar\u00e1 Chasing Red de Isabelle Ronin\" style=\"object-fit:cover;\" srcset=\"https:\/\/www.entreletasyescenas.com\/wordpress\/wp-content\/uploads\/2025\/12\/chasing-red.webp 681w, https:\/\/www.entreletasyescenas.com\/wordpress\/wp-content\/uploads\/2025\/12\/chasing-red-300x169.webp 300w\" sizes=\"auto, (max-width: 681px) 100vw, 681px\" \/><\/a><\/figure><\/div>\n\n\n\n<div class=\"wp-block-column is-vertically-aligned-center is-layout-flow wp-block-column-is-layout-flow\" style=\"flex-basis:75%\"><h2 class=\"wp-block-post-title has-medium-font-size\"><a href=\"https:\/\/www.entreletasyescenas.com\/wordpress\/2025\/12\/05\/mackenzie-munro-adaptara-chasing-red\/\" target=\"_self\" >Mackenzie Munro adaptar\u00e1 Chasing Red de Isabelle Ronin<\/a><\/h2><\/div>\n<\/div>\n\n<\/li><li class=\"wp-block-post post-254 post type-post status-publish format-standard has-post-thumbnail hentry category-novedades-estrenos tag-a23 tag-cailee-spaeny tag-deep-cuts tag-drew-starkey tag-holly-brickley tag-novedades tag-ver-serie\">\n\n<div class=\"wp-block-columns are-vertically-aligned-center is-layout-flex wp-container-core-columns-is-layout-7387b849 wp-block-columns-is-layout-flex\">\n<div class=\"wp-block-column is-vertically-aligned-center is-layout-flow wp-block-column-is-layout-flow\" style=\"flex-basis:25%\"><figure class=\"wp-block-post-featured-image\"><a href=\"https:\/\/www.entreletasyescenas.com\/wordpress\/2025\/12\/05\/a23-adaptara-deep-cuts\/\" target=\"_self\"  ><img loading=\"lazy\" decoding=\"async\" width=\"681\" height=\"383\" src=\"https:\/\/www.entreletasyescenas.com\/wordpress\/wp-content\/uploads\/2025\/12\/Deep-Cuts.webp\" class=\"attachment-post-thumbnail size-post-thumbnail wp-post-image\" alt=\"A23 adaptar\u00e1 Deep Cuts de Holly Brickley\" style=\"object-fit:cover;\" srcset=\"https:\/\/www.entreletasyescenas.com\/wordpress\/wp-content\/uploads\/2025\/12\/Deep-Cuts.webp 681w, https:\/\/www.entreletasyescenas.com\/wordpress\/wp-content\/uploads\/2025\/12\/Deep-Cuts-300x169.webp 300w\" sizes=\"auto, (max-width: 681px) 100vw, 681px\" \/><\/a><\/figure><\/div>\n\n\n\n<div class=\"wp-block-column is-vertically-aligned-center is-layout-flow wp-block-column-is-layout-flow\" style=\"flex-basis:75%\"><h2 class=\"wp-block-post-title has-medium-font-size\"><a href=\"https:\/\/www.entreletasyescenas.com\/wordpress\/2025\/12\/05\/a23-adaptara-deep-cuts\/\" target=\"_self\" >A23 adaptar\u00e1 Deep Cuts de Holly Brickley<\/a><\/h2><\/div>\n<\/div>\n\n<\/li><\/ul><\/div>\n\n\n\n<p class=\"wp-block-paragraph\"><em>\u00bfQuieres saber m\u00e1s sobre adaptaciones y formatos te encajar\u00e1n mejor? Explora nuestros recursos y suscr\u00edbete a nuestra newsletter para recibir semanalmente actualizaciones directamente en tu correo.<\/em><\/p>\n\n\n\n<div class=\"wp-block-buttons is-content-justification-center is-layout-flex wp-container-core-buttons-is-layout-3e41869c wp-block-buttons-is-layout-flex\" id=\"\/suscribete-newsletter-estre-escenas-y-letras\">\n<div class=\"wp-block-button\"><a class=\"wp-block-button__link has-text-align-center wp-element-button\" href=\"https:\/\/www.entreletasyescenas.com\/wordpress\/suscribete-newsletter-estre-escenas-y-letras\/\">\u00a1Suscr\u00edbete a nuestra Newsletter!<\/a><\/div>\n<\/div>\n","protected":false},"excerpt":{"rendered":"<p>Las \u00faltimas novedades del mundo de las adaptaciones en la gran pantalla: pr\u00f3ximos estrenos, nuevos anuncios, primeras im\u00e1genes, repartos confirmados y muchas otras noticias m\u00e1s. \u00bfQuieres saber m\u00e1s sobre adaptaciones [&hellip;]<\/p>\n","protected":false},"author":1,"featured_media":0,"parent":0,"menu_order":0,"comment_status":"closed","ping_status":"open","template":"","meta":{"_crdt_document":"","footnotes":""},"class_list":["post-19","page","type-page","status-publish","hentry"],"yoast_head":"<!-- This site is optimized with the Yoast SEO plugin v27.1.1 - https:\/\/yoast.com\/product\/yoast-seo-wordpress\/ -->\n<title>NOVEDADES - Entre letras y escenas<\/title>\n<meta name=\"description\" content=\"Las \u00faltimas novedades de las adaptaciones en la gran pantalla: estrenos, anuncios, primeras im\u00e1genes, repartos y muchas otras noticias m\u00e1s.\" \/>\n<meta name=\"robots\" content=\"index, follow, max-snippet:-1, max-image-preview:large, max-video-preview:-1\" \/>\n<link rel=\"canonical\" href=\"https:\/\/www.entreletasyescenas.com\/wordpress\/novedades-adaptaciones\/\" \/>\n<meta property=\"og:locale\" content=\"es_ES\" \/>\n<meta property=\"og:type\" content=\"article\" \/>\n<meta property=\"og:title\" content=\"NOVEDADES - Entre letras y escenas\" \/>\n<meta property=\"og:description\" content=\"Las \u00faltimas novedades de las adaptaciones en la gran pantalla: estrenos, anuncios, primeras im\u00e1genes, repartos y muchas otras noticias m\u00e1s.\" \/>\n<meta property=\"og:url\" content=\"https:\/\/www.entreletasyescenas.com\/wordpress\/novedades-adaptaciones\/\" \/>\n<meta property=\"og:site_name\" content=\"Entre letras y escenas\" \/>\n<meta property=\"article:modified_time\" content=\"2025-12-05T09:54:34+00:00\" \/>\n<meta name=\"twitter:card\" content=\"summary_large_image\" \/>\n<meta name=\"twitter:label1\" content=\"Tiempo de lectura\" \/>\n\t<meta name=\"twitter:data1\" content=\"1 minuto\" \/>\n<script type=\"application\/ld+json\" class=\"yoast-schema-graph\">{\"@context\":\"https:\/\/schema.org\",\"@graph\":[{\"@type\":\"WebPage\",\"@id\":\"https:\/\/www.entreletasyescenas.com\/wordpress\/novedades-adaptaciones\/\",\"url\":\"https:\/\/www.entreletasyescenas.com\/wordpress\/novedades-adaptaciones\/\",\"name\":\"NOVEDADES - Entre letras y escenas\",\"isPartOf\":{\"@id\":\"https:\/\/www.entreletasyescenas.com\/wordpress\/#website\"},\"datePublished\":\"2025-11-01T14:46:46+00:00\",\"dateModified\":\"2025-12-05T09:54:34+00:00\",\"description\":\"Las \u00faltimas novedades de las adaptaciones en la gran pantalla: estrenos, anuncios, primeras im\u00e1genes, repartos y muchas otras noticias m\u00e1s.\",\"breadcrumb\":{\"@id\":\"https:\/\/www.entreletasyescenas.com\/wordpress\/novedades-adaptaciones\/#breadcrumb\"},\"inLanguage\":\"es\",\"potentialAction\":[{\"@type\":\"ReadAction\",\"target\":[\"https:\/\/www.entreletasyescenas.com\/wordpress\/novedades-adaptaciones\/\"]}]},{\"@type\":\"BreadcrumbList\",\"@id\":\"https:\/\/www.entreletasyescenas.com\/wordpress\/novedades-adaptaciones\/#breadcrumb\",\"itemListElement\":[{\"@type\":\"ListItem\",\"position\":1,\"name\":\"Portada\",\"item\":\"https:\/\/www.entreletasyescenas.com\/wordpress\/\"},{\"@type\":\"ListItem\",\"position\":2,\"name\":\"NOVEDADES\"}]},{\"@type\":\"WebSite\",\"@id\":\"https:\/\/www.entreletasyescenas.com\/wordpress\/#website\",\"url\":\"https:\/\/www.entreletasyescenas.com\/wordpress\/\",\"name\":\"Entre letras y escenas\",\"description\":\"La gu\u00eda que conecta libros y pantallas. Descubre qu\u00e9 cambia, qu\u00e9 permanece y qu\u00e9 vale m\u00e1s la pena seg\u00fan tu forma de disfrutar historias\",\"publisher\":{\"@id\":\"https:\/\/www.entreletasyescenas.com\/wordpress\/#organization\"},\"potentialAction\":[{\"@type\":\"SearchAction\",\"target\":{\"@type\":\"EntryPoint\",\"urlTemplate\":\"https:\/\/www.entreletasyescenas.com\/wordpress\/?s={search_term_string}\"},\"query-input\":{\"@type\":\"PropertyValueSpecification\",\"valueRequired\":true,\"valueName\":\"search_term_string\"}}],\"inLanguage\":\"es\"},{\"@type\":\"Organization\",\"@id\":\"https:\/\/www.entreletasyescenas.com\/wordpress\/#organization\",\"name\":\"Entre letras y escenas\",\"url\":\"https:\/\/www.entreletasyescenas.com\/wordpress\/\",\"logo\":{\"@type\":\"ImageObject\",\"inLanguage\":\"es\",\"@id\":\"https:\/\/www.entreletasyescenas.com\/wordpress\/#\/schema\/logo\/image\/\",\"url\":\"https:\/\/www.entreletasyescenas.com\/wordpress\/wp-content\/uploads\/2025\/11\/cropped-cropped-cropped-fav_icon_EE.png\",\"contentUrl\":\"https:\/\/www.entreletasyescenas.com\/wordpress\/wp-content\/uploads\/2025\/11\/cropped-cropped-cropped-fav_icon_EE.png\",\"width\":510,\"height\":510,\"caption\":\"Entre letras y escenas\"},\"image\":{\"@id\":\"https:\/\/www.entreletasyescenas.com\/wordpress\/#\/schema\/logo\/image\/\"}}]}<\/script>\n<!-- \/ Yoast SEO plugin. -->","yoast_head_json":{"title":"NOVEDADES - Entre letras y escenas","description":"Las \u00faltimas novedades de las adaptaciones en la gran pantalla: estrenos, anuncios, primeras im\u00e1genes, repartos y muchas otras noticias m\u00e1s.","robots":{"index":"index","follow":"follow","max-snippet":"max-snippet:-1","max-image-preview":"max-image-preview:large","max-video-preview":"max-video-preview:-1"},"canonical":"https:\/\/www.entreletasyescenas.com\/wordpress\/novedades-adaptaciones\/","og_locale":"es_ES","og_type":"article","og_title":"NOVEDADES - Entre letras y escenas","og_description":"Las \u00faltimas novedades de las adaptaciones en la gran pantalla: estrenos, anuncios, primeras im\u00e1genes, repartos y muchas otras noticias m\u00e1s.","og_url":"https:\/\/www.entreletasyescenas.com\/wordpress\/novedades-adaptaciones\/","og_site_name":"Entre letras y escenas","article_modified_time":"2025-12-05T09:54:34+00:00","twitter_card":"summary_large_image","twitter_misc":{"Tiempo de lectura":"1 minuto"},"schema":{"@context":"https:\/\/schema.org","@graph":[{"@type":"WebPage","@id":"https:\/\/www.entreletasyescenas.com\/wordpress\/novedades-adaptaciones\/","url":"https:\/\/www.entreletasyescenas.com\/wordpress\/novedades-adaptaciones\/","name":"NOVEDADES - Entre letras y escenas","isPartOf":{"@id":"https:\/\/www.entreletasyescenas.com\/wordpress\/#website"},"datePublished":"2025-11-01T14:46:46+00:00","dateModified":"2025-12-05T09:54:34+00:00","description":"Las \u00faltimas novedades de las adaptaciones en la gran pantalla: estrenos, anuncios, primeras im\u00e1genes, repartos y muchas otras noticias m\u00e1s.","breadcrumb":{"@id":"https:\/\/www.entreletasyescenas.com\/wordpress\/novedades-adaptaciones\/#breadcrumb"},"inLanguage":"es","potentialAction":[{"@type":"ReadAction","target":["https:\/\/www.entreletasyescenas.com\/wordpress\/novedades-adaptaciones\/"]}]},{"@type":"BreadcrumbList","@id":"https:\/\/www.entreletasyescenas.com\/wordpress\/novedades-adaptaciones\/#breadcrumb","itemListElement":[{"@type":"ListItem","position":1,"name":"Portada","item":"https:\/\/www.entreletasyescenas.com\/wordpress\/"},{"@type":"ListItem","position":2,"name":"NOVEDADES"}]},{"@type":"WebSite","@id":"https:\/\/www.entreletasyescenas.com\/wordpress\/#website","url":"https:\/\/www.entreletasyescenas.com\/wordpress\/","name":"Entre letras y escenas","description":"La gu\u00eda que conecta libros y pantallas. Descubre qu\u00e9 cambia, qu\u00e9 permanece y qu\u00e9 vale m\u00e1s la pena seg\u00fan tu forma de disfrutar historias","publisher":{"@id":"https:\/\/www.entreletasyescenas.com\/wordpress\/#organization"},"potentialAction":[{"@type":"SearchAction","target":{"@type":"EntryPoint","urlTemplate":"https:\/\/www.entreletasyescenas.com\/wordpress\/?s={search_term_string}"},"query-input":{"@type":"PropertyValueSpecification","valueRequired":true,"valueName":"search_term_string"}}],"inLanguage":"es"},{"@type":"Organization","@id":"https:\/\/www.entreletasyescenas.com\/wordpress\/#organization","name":"Entre letras y escenas","url":"https:\/\/www.entreletasyescenas.com\/wordpress\/","logo":{"@type":"ImageObject","inLanguage":"es","@id":"https:\/\/www.entreletasyescenas.com\/wordpress\/#\/schema\/logo\/image\/","url":"https:\/\/www.entreletasyescenas.com\/wordpress\/wp-content\/uploads\/2025\/11\/cropped-cropped-cropped-fav_icon_EE.png","contentUrl":"https:\/\/www.entreletasyescenas.com\/wordpress\/wp-content\/uploads\/2025\/11\/cropped-cropped-cropped-fav_icon_EE.png","width":510,"height":510,"caption":"Entre letras y escenas"},"image":{"@id":"https:\/\/www.entreletasyescenas.com\/wordpress\/#\/schema\/logo\/image\/"}}]}},"jetpack_sharing_enabled":true,"_links":{"self":[{"href":"https:\/\/www.entreletasyescenas.com\/wordpress\/wp-json\/wp\/v2\/pages\/19","targetHints":{"allow":["GET"]}}],"collection":[{"href":"https:\/\/www.entreletasyescenas.com\/wordpress\/wp-json\/wp\/v2\/pages"}],"about":[{"href":"https:\/\/www.entreletasyescenas.com\/wordpress\/wp-json\/wp\/v2\/types\/page"}],"author":[{"embeddable":true,"href":"https:\/\/www.entreletasyescenas.com\/wordpress\/wp-json\/wp\/v2\/users\/1"}],"replies":[{"embeddable":true,"href":"https:\/\/www.entreletasyescenas.com\/wordpress\/wp-json\/wp\/v2\/comments?post=19"}],"version-history":[{"count":14,"href":"https:\/\/www.entreletasyescenas.com\/wordpress\/wp-json\/wp\/v2\/pages\/19\/revisions"}],"predecessor-version":[{"id":282,"href":"https:\/\/www.entreletasyescenas.com\/wordpress\/wp-json\/wp\/v2\/pages\/19\/revisions\/282"}],"wp:attachment":[{"href":"https:\/\/www.entreletasyescenas.com\/wordpress\/wp-json\/wp\/v2\/media?parent=19"}],"curies":[{"name":"wp","href":"https:\/\/api.w.org\/{rel}","templated":true}]}}