{"id":119,"date":"2025-12-03T19:22:59","date_gmt":"2025-12-03T19:22:59","guid":{"rendered":"https:\/\/www.entreletasyescenas.com\/wordpress\/?page_id=119"},"modified":"2025-12-05T14:02:30","modified_gmt":"2025-12-05T14:02:30","slug":"tests-dinamicos","status":"publish","type":"page","link":"https:\/\/www.entreletasyescenas.com\/wordpress\/recursos-entre-letras-y-escenas\/tests-dinamicos\/","title":{"rendered":"TESTS"},"content":{"rendered":"\n<p class=\"wp-block-paragraph\">Descubre qu\u00e9 tipo de lector o espectador eres con nuestros tests din\u00e1micos. Explora tus preferencias, encuentra el formato que mejor encaja contigo y deja que cada resultado te gu\u00ede hacia tu pr\u00f3xima adaptaci\u00f3n favorita.<\/p>\n\n\n\n<div class=\"wp-block-query is-layout-flow wp-block-query-is-layout-flow\"><ul class=\"wp-block-post-template is-layout-flow wp-block-post-template-is-layout-flow\"><li class=\"wp-block-post post-368 post type-post status-publish format-standard has-post-thumbnail hentry category-tests-interactivos tag-adaptaciones-literarias tag-cine-y-libros tag-cine-y-literatura tag-contenido-interactivo tag-entretenimiento tag-libro-vs-pelicula tag-preferencias-usuario tag-series tag-test-interactivo\">\n\n<div class=\"wp-block-columns are-vertically-aligned-center is-layout-flex wp-container-core-columns-is-layout-7387b849 wp-block-columns-is-layout-flex\">\n<div class=\"wp-block-column is-vertically-aligned-center is-layout-flow wp-block-column-is-layout-flow\" style=\"flex-basis:25%\"><figure class=\"wp-block-post-featured-image\"><a href=\"https:\/\/www.entreletasyescenas.com\/wordpress\/2025\/12\/05\/test-que-tipo-de-adaptaciones-son-las-tuyas\/\" target=\"_self\"  ><img loading=\"lazy\" decoding=\"async\" width=\"640\" height=\"427\" src=\"https:\/\/www.entreletasyescenas.com\/wordpress\/wp-content\/uploads\/2025\/12\/quick-quiz-6701919_640.png\" class=\"attachment-post-thumbnail size-post-thumbnail wp-post-image\" alt=\"TEST: \u00bfQu\u00e9 tipo de adaptaciones son las tuyas?\" style=\"object-fit:cover;\" srcset=\"https:\/\/www.entreletasyescenas.com\/wordpress\/wp-content\/uploads\/2025\/12\/quick-quiz-6701919_640.png 640w, https:\/\/www.entreletasyescenas.com\/wordpress\/wp-content\/uploads\/2025\/12\/quick-quiz-6701919_640-300x200.png 300w\" sizes=\"auto, (max-width: 640px) 100vw, 640px\" \/><\/a><\/figure><\/div>\n\n\n\n<div class=\"wp-block-column is-vertically-aligned-center is-layout-flow wp-block-column-is-layout-flow\" style=\"flex-basis:75%\"><h2 class=\"wp-block-post-title has-medium-font-size\"><a href=\"https:\/\/www.entreletasyescenas.com\/wordpress\/2025\/12\/05\/test-que-tipo-de-adaptaciones-son-las-tuyas\/\" target=\"_self\" >TEST: \u00bfQu\u00e9 tipo de adaptaciones son las tuyas?<\/a><\/h2><\/div>\n<\/div>\n\n<\/li><li class=\"wp-block-post post-327 post type-post status-publish format-standard has-post-thumbnail hentry category-tests-interactivos tag-estilo-de-adaptacion tag-lector-vs-espectador tag-test-interactivo\">\n\n<div class=\"wp-block-columns are-vertically-aligned-center is-layout-flex wp-container-core-columns-is-layout-7387b849 wp-block-columns-is-layout-flex\">\n<div class=\"wp-block-column is-vertically-aligned-center is-layout-flow wp-block-column-is-layout-flow\" style=\"flex-basis:25%\"><figure class=\"wp-block-post-featured-image\"><a href=\"https:\/\/www.entreletasyescenas.com\/wordpress\/2025\/12\/05\/test-estilo-de-adaptacion\/\" target=\"_self\"  ><img loading=\"lazy\" decoding=\"async\" width=\"640\" height=\"480\" src=\"https:\/\/www.entreletasyescenas.com\/wordpress\/wp-content\/uploads\/2025\/12\/question-mark-463497_640.jpg\" class=\"attachment-post-thumbnail size-post-thumbnail wp-post-image\" alt=\"TEST: \u00bfQu\u00e9 estilo de adaptaci\u00f3n se adecua mejor a tu personalidad?\" style=\"object-fit:cover;\" srcset=\"https:\/\/www.entreletasyescenas.com\/wordpress\/wp-content\/uploads\/2025\/12\/question-mark-463497_640.jpg 640w, https:\/\/www.entreletasyescenas.com\/wordpress\/wp-content\/uploads\/2025\/12\/question-mark-463497_640-300x225.jpg 300w\" sizes=\"auto, (max-width: 640px) 100vw, 640px\" \/><\/a><\/figure><\/div>\n\n\n\n<div class=\"wp-block-column is-vertically-aligned-center is-layout-flow wp-block-column-is-layout-flow\" style=\"flex-basis:75%\"><h2 class=\"wp-block-post-title has-medium-font-size\"><a href=\"https:\/\/www.entreletasyescenas.com\/wordpress\/2025\/12\/05\/test-estilo-de-adaptacion\/\" target=\"_self\" >TEST: \u00bfQu\u00e9 estilo de adaptaci\u00f3n se adecua mejor a tu personalidad?<\/a><\/h2><\/div>\n<\/div>\n\n<\/li><\/ul><\/div>\n\n\n\n<p class=\"wp-block-paragraph\"><em>\u00bfQuieres saber m\u00e1s sobre adaptaciones y formatos te encajar\u00e1n mejor? Explora nuestros recursos y suscr\u00edbete a nuestra newsletter para recibir semanalmente actualizaciones directamente en tu correo.<\/em><\/p>\n\n\n\n<div class=\"wp-block-buttons is-content-justification-center is-layout-flex wp-container-core-buttons-is-layout-3e41869c wp-block-buttons-is-layout-flex\" id=\"\/suscribete-newsletter-estre-escenas-y-letras\">\n<div class=\"wp-block-button\"><a class=\"wp-block-button__link has-text-align-center wp-element-button\" href=\"https:\/\/www.entreletasyescenas.com\/wordpress\/suscribete-newsletter-estre-escenas-y-letras\/\">\u00a1Suscr\u00edbete a nuestra Newsletter!<\/a><\/div>\n<\/div>\n","protected":false},"excerpt":{"rendered":"<p>Descubre qu\u00e9 tipo de lector o espectador eres con nuestros tests din\u00e1micos. Explora tus preferencias, encuentra el formato que mejor encaja contigo y deja que cada resultado te gu\u00ede hacia [&hellip;]<\/p>\n","protected":false},"author":1,"featured_media":0,"parent":111,"menu_order":0,"comment_status":"closed","ping_status":"closed","template":"","meta":{"_crdt_document":"","footnotes":""},"class_list":["post-119","page","type-page","status-publish","hentry"],"yoast_head":"<!-- This site is optimized with the Yoast SEO plugin v27.1.1 - https:\/\/yoast.com\/product\/yoast-seo-wordpress\/ -->\n<title>TESTS - Entre letras y escenas<\/title>\n<meta name=\"description\" content=\"Descubre nuestros tests interactivos que te ayudar\u00e1n a decidir que estilo de adaptaci\u00f3n se adecua mejor a tu personalidad.\" \/>\n<meta name=\"robots\" content=\"index, follow, max-snippet:-1, max-image-preview:large, max-video-preview:-1\" \/>\n<link rel=\"canonical\" href=\"https:\/\/www.entreletasyescenas.com\/wordpress\/recursos-entre-letras-y-escenas\/tests-dinamicos\/\" \/>\n<meta property=\"og:locale\" content=\"es_ES\" \/>\n<meta property=\"og:type\" content=\"article\" \/>\n<meta property=\"og:title\" content=\"TESTS - Entre letras y escenas\" \/>\n<meta property=\"og:description\" content=\"Descubre nuestros tests interactivos que te ayudar\u00e1n a decidir que estilo de adaptaci\u00f3n se adecua mejor a tu personalidad.\" \/>\n<meta property=\"og:url\" content=\"https:\/\/www.entreletasyescenas.com\/wordpress\/recursos-entre-letras-y-escenas\/tests-dinamicos\/\" \/>\n<meta property=\"og:site_name\" content=\"Entre letras y escenas\" \/>\n<meta property=\"article:modified_time\" content=\"2025-12-05T14:02:30+00:00\" \/>\n<meta name=\"twitter:card\" content=\"summary_large_image\" \/>\n<meta name=\"twitter:label1\" content=\"Tiempo de lectura\" \/>\n\t<meta name=\"twitter:data1\" content=\"1 minuto\" \/>\n<script type=\"application\/ld+json\" class=\"yoast-schema-graph\">{\"@context\":\"https:\/\/schema.org\",\"@graph\":[{\"@type\":\"WebPage\",\"@id\":\"https:\/\/www.entreletasyescenas.com\/wordpress\/recursos-entre-letras-y-escenas\/tests-dinamicos\/\",\"url\":\"https:\/\/www.entreletasyescenas.com\/wordpress\/recursos-entre-letras-y-escenas\/tests-dinamicos\/\",\"name\":\"TESTS - Entre letras y escenas\",\"isPartOf\":{\"@id\":\"https:\/\/www.entreletasyescenas.com\/wordpress\/#website\"},\"datePublished\":\"2025-12-03T19:22:59+00:00\",\"dateModified\":\"2025-12-05T14:02:30+00:00\",\"description\":\"Descubre nuestros tests interactivos que te ayudar\u00e1n a decidir que estilo de adaptaci\u00f3n se adecua mejor a tu personalidad.\",\"breadcrumb\":{\"@id\":\"https:\/\/www.entreletasyescenas.com\/wordpress\/recursos-entre-letras-y-escenas\/tests-dinamicos\/#breadcrumb\"},\"inLanguage\":\"es\",\"potentialAction\":[{\"@type\":\"ReadAction\",\"target\":[\"https:\/\/www.entreletasyescenas.com\/wordpress\/recursos-entre-letras-y-escenas\/tests-dinamicos\/\"]}]},{\"@type\":\"BreadcrumbList\",\"@id\":\"https:\/\/www.entreletasyescenas.com\/wordpress\/recursos-entre-letras-y-escenas\/tests-dinamicos\/#breadcrumb\",\"itemListElement\":[{\"@type\":\"ListItem\",\"position\":1,\"name\":\"Portada\",\"item\":\"https:\/\/www.entreletasyescenas.com\/wordpress\/\"},{\"@type\":\"ListItem\",\"position\":2,\"name\":\"RECURSOS\",\"item\":\"https:\/\/www.entreletasyescenas.com\/wordpress\/recursos-entre-letras-y-escenas\/\"},{\"@type\":\"ListItem\",\"position\":3,\"name\":\"TESTS\"}]},{\"@type\":\"WebSite\",\"@id\":\"https:\/\/www.entreletasyescenas.com\/wordpress\/#website\",\"url\":\"https:\/\/www.entreletasyescenas.com\/wordpress\/\",\"name\":\"Entre letras y escenas\",\"description\":\"La gu\u00eda que conecta libros y pantallas. Descubre qu\u00e9 cambia, qu\u00e9 permanece y qu\u00e9 vale m\u00e1s la pena seg\u00fan tu forma de disfrutar historias\",\"publisher\":{\"@id\":\"https:\/\/www.entreletasyescenas.com\/wordpress\/#organization\"},\"potentialAction\":[{\"@type\":\"SearchAction\",\"target\":{\"@type\":\"EntryPoint\",\"urlTemplate\":\"https:\/\/www.entreletasyescenas.com\/wordpress\/?s={search_term_string}\"},\"query-input\":{\"@type\":\"PropertyValueSpecification\",\"valueRequired\":true,\"valueName\":\"search_term_string\"}}],\"inLanguage\":\"es\"},{\"@type\":\"Organization\",\"@id\":\"https:\/\/www.entreletasyescenas.com\/wordpress\/#organization\",\"name\":\"Entre letras y escenas\",\"url\":\"https:\/\/www.entreletasyescenas.com\/wordpress\/\",\"logo\":{\"@type\":\"ImageObject\",\"inLanguage\":\"es\",\"@id\":\"https:\/\/www.entreletasyescenas.com\/wordpress\/#\/schema\/logo\/image\/\",\"url\":\"https:\/\/www.entreletasyescenas.com\/wordpress\/wp-content\/uploads\/2025\/11\/cropped-cropped-cropped-fav_icon_EE.png\",\"contentUrl\":\"https:\/\/www.entreletasyescenas.com\/wordpress\/wp-content\/uploads\/2025\/11\/cropped-cropped-cropped-fav_icon_EE.png\",\"width\":510,\"height\":510,\"caption\":\"Entre letras y escenas\"},\"image\":{\"@id\":\"https:\/\/www.entreletasyescenas.com\/wordpress\/#\/schema\/logo\/image\/\"}}]}<\/script>\n<!-- \/ Yoast SEO plugin. -->","yoast_head_json":{"title":"TESTS - Entre letras y escenas","description":"Descubre nuestros tests interactivos que te ayudar\u00e1n a decidir que estilo de adaptaci\u00f3n se adecua mejor a tu personalidad.","robots":{"index":"index","follow":"follow","max-snippet":"max-snippet:-1","max-image-preview":"max-image-preview:large","max-video-preview":"max-video-preview:-1"},"canonical":"https:\/\/www.entreletasyescenas.com\/wordpress\/recursos-entre-letras-y-escenas\/tests-dinamicos\/","og_locale":"es_ES","og_type":"article","og_title":"TESTS - Entre letras y escenas","og_description":"Descubre nuestros tests interactivos que te ayudar\u00e1n a decidir que estilo de adaptaci\u00f3n se adecua mejor a tu personalidad.","og_url":"https:\/\/www.entreletasyescenas.com\/wordpress\/recursos-entre-letras-y-escenas\/tests-dinamicos\/","og_site_name":"Entre letras y escenas","article_modified_time":"2025-12-05T14:02:30+00:00","twitter_card":"summary_large_image","twitter_misc":{"Tiempo de lectura":"1 minuto"},"schema":{"@context":"https:\/\/schema.org","@graph":[{"@type":"WebPage","@id":"https:\/\/www.entreletasyescenas.com\/wordpress\/recursos-entre-letras-y-escenas\/tests-dinamicos\/","url":"https:\/\/www.entreletasyescenas.com\/wordpress\/recursos-entre-letras-y-escenas\/tests-dinamicos\/","name":"TESTS - Entre letras y escenas","isPartOf":{"@id":"https:\/\/www.entreletasyescenas.com\/wordpress\/#website"},"datePublished":"2025-12-03T19:22:59+00:00","dateModified":"2025-12-05T14:02:30+00:00","description":"Descubre nuestros tests interactivos que te ayudar\u00e1n a decidir que estilo de adaptaci\u00f3n se adecua mejor a tu personalidad.","breadcrumb":{"@id":"https:\/\/www.entreletasyescenas.com\/wordpress\/recursos-entre-letras-y-escenas\/tests-dinamicos\/#breadcrumb"},"inLanguage":"es","potentialAction":[{"@type":"ReadAction","target":["https:\/\/www.entreletasyescenas.com\/wordpress\/recursos-entre-letras-y-escenas\/tests-dinamicos\/"]}]},{"@type":"BreadcrumbList","@id":"https:\/\/www.entreletasyescenas.com\/wordpress\/recursos-entre-letras-y-escenas\/tests-dinamicos\/#breadcrumb","itemListElement":[{"@type":"ListItem","position":1,"name":"Portada","item":"https:\/\/www.entreletasyescenas.com\/wordpress\/"},{"@type":"ListItem","position":2,"name":"RECURSOS","item":"https:\/\/www.entreletasyescenas.com\/wordpress\/recursos-entre-letras-y-escenas\/"},{"@type":"ListItem","position":3,"name":"TESTS"}]},{"@type":"WebSite","@id":"https:\/\/www.entreletasyescenas.com\/wordpress\/#website","url":"https:\/\/www.entreletasyescenas.com\/wordpress\/","name":"Entre letras y escenas","description":"La gu\u00eda que conecta libros y pantallas. Descubre qu\u00e9 cambia, qu\u00e9 permanece y qu\u00e9 vale m\u00e1s la pena seg\u00fan tu forma de disfrutar historias","publisher":{"@id":"https:\/\/www.entreletasyescenas.com\/wordpress\/#organization"},"potentialAction":[{"@type":"SearchAction","target":{"@type":"EntryPoint","urlTemplate":"https:\/\/www.entreletasyescenas.com\/wordpress\/?s={search_term_string}"},"query-input":{"@type":"PropertyValueSpecification","valueRequired":true,"valueName":"search_term_string"}}],"inLanguage":"es"},{"@type":"Organization","@id":"https:\/\/www.entreletasyescenas.com\/wordpress\/#organization","name":"Entre letras y escenas","url":"https:\/\/www.entreletasyescenas.com\/wordpress\/","logo":{"@type":"ImageObject","inLanguage":"es","@id":"https:\/\/www.entreletasyescenas.com\/wordpress\/#\/schema\/logo\/image\/","url":"https:\/\/www.entreletasyescenas.com\/wordpress\/wp-content\/uploads\/2025\/11\/cropped-cropped-cropped-fav_icon_EE.png","contentUrl":"https:\/\/www.entreletasyescenas.com\/wordpress\/wp-content\/uploads\/2025\/11\/cropped-cropped-cropped-fav_icon_EE.png","width":510,"height":510,"caption":"Entre letras y escenas"},"image":{"@id":"https:\/\/www.entreletasyescenas.com\/wordpress\/#\/schema\/logo\/image\/"}}]}},"jetpack_sharing_enabled":true,"_links":{"self":[{"href":"https:\/\/www.entreletasyescenas.com\/wordpress\/wp-json\/wp\/v2\/pages\/119","targetHints":{"allow":["GET"]}}],"collection":[{"href":"https:\/\/www.entreletasyescenas.com\/wordpress\/wp-json\/wp\/v2\/pages"}],"about":[{"href":"https:\/\/www.entreletasyescenas.com\/wordpress\/wp-json\/wp\/v2\/types\/page"}],"author":[{"embeddable":true,"href":"https:\/\/www.entreletasyescenas.com\/wordpress\/wp-json\/wp\/v2\/users\/1"}],"replies":[{"embeddable":true,"href":"https:\/\/www.entreletasyescenas.com\/wordpress\/wp-json\/wp\/v2\/comments?post=119"}],"version-history":[{"count":14,"href":"https:\/\/www.entreletasyescenas.com\/wordpress\/wp-json\/wp\/v2\/pages\/119\/revisions"}],"predecessor-version":[{"id":370,"href":"https:\/\/www.entreletasyescenas.com\/wordpress\/wp-json\/wp\/v2\/pages\/119\/revisions\/370"}],"up":[{"embeddable":true,"href":"https:\/\/www.entreletasyescenas.com\/wordpress\/wp-json\/wp\/v2\/pages\/111"}],"wp:attachment":[{"href":"https:\/\/www.entreletasyescenas.com\/wordpress\/wp-json\/wp\/v2\/media?parent=119"}],"curies":[{"name":"wp","href":"https:\/\/api.w.org\/{rel}","templated":true}]}}