{"id":117,"date":"2025-12-03T19:22:42","date_gmt":"2025-12-03T19:22:42","guid":{"rendered":"https:\/\/www.entreletasyescenas.com\/wordpress\/?page_id=117"},"modified":"2025-12-05T09:56:14","modified_gmt":"2025-12-05T09:56:14","slug":"guias-definitivas-entre-letras-y-escenas","status":"publish","type":"page","link":"https:\/\/www.entreletasyescenas.com\/wordpress\/recursos-entre-letras-y-escenas\/guias-definitivas-entre-letras-y-escenas\/","title":{"rendered":"GU\u00cdAS DEFINITIVAS"},"content":{"rendered":"\n<p class=\"wp-block-paragraph\">Descubre nuestras gu\u00edas definitivas que te ayudar\u00e1n a entender c\u00f3mo estan pensadas las adaptaciones literarias a la gran pantalla.<\/p>\n\n\n\n<div class=\"wp-block-query is-layout-flow wp-block-query-is-layout-flow\"><ul class=\"wp-block-post-template is-layout-flow wp-block-post-template-is-layout-flow\"><li class=\"wp-block-post post-386 post type-post status-publish format-standard has-post-thumbnail hentry category-guias-definitivas-adaptaciones tag-critica tag-dinosaurios tag-guia tag-joe-johnson tag-jurassic-park-libro-vs-pelicula tag-michael-crichton tag-sagas-agotadas tag-steven-spielberg\">\n\n<div class=\"wp-block-columns are-vertically-aligned-center is-layout-flex wp-container-core-columns-is-layout-7387b849 wp-block-columns-is-layout-flex\">\n<div class=\"wp-block-column is-vertically-aligned-center is-layout-flow wp-block-column-is-layout-flow\" style=\"flex-basis:25%\"><figure class=\"wp-block-post-featured-image\"><a href=\"https:\/\/www.entreletasyescenas.com\/wordpress\/2026\/01\/29\/sagas-agotadas-dilema-jurassic-park\/\" target=\"_self\"  ><img loading=\"lazy\" decoding=\"async\" width=\"686\" height=\"386\" src=\"https:\/\/www.entreletasyescenas.com\/wordpress\/wp-content\/uploads\/2026\/01\/jurassic-park-libro-vs-pelicula.jpg\" class=\"attachment-post-thumbnail size-post-thumbnail wp-post-image\" alt=\"Gu\u00eda Definitiva: \u00bfSagas Agotadas? El Dilema de Jurassic Park, de la Biopirater\u00eda de Crichton al Espect\u00e1culo de Rebirth\" style=\"object-fit:cover;\" srcset=\"https:\/\/www.entreletasyescenas.com\/wordpress\/wp-content\/uploads\/2026\/01\/jurassic-park-libro-vs-pelicula.jpg 686w, https:\/\/www.entreletasyescenas.com\/wordpress\/wp-content\/uploads\/2026\/01\/jurassic-park-libro-vs-pelicula-300x169.jpg 300w\" sizes=\"auto, (max-width: 686px) 100vw, 686px\" \/><\/a><\/figure><\/div>\n\n\n\n<div class=\"wp-block-column is-vertically-aligned-center is-layout-flow wp-block-column-is-layout-flow\" style=\"flex-basis:75%\"><h2 class=\"wp-block-post-title has-medium-font-size\"><a href=\"https:\/\/www.entreletasyescenas.com\/wordpress\/2026\/01\/29\/sagas-agotadas-dilema-jurassic-park\/\" target=\"_self\" >Gu\u00eda Definitiva: \u00bfSagas Agotadas? El Dilema de Jurassic Park, de la Biopirater\u00eda de Crichton al Espect\u00e1culo de Rebirth<\/a><\/h2><\/div>\n<\/div>\n\n<\/li><li class=\"wp-block-post post-85 post type-post status-publish format-standard has-post-thumbnail hentry category-guias-definitivas-adaptaciones tag-fuego-y-sangre tag-game-of-thrones tag-guia tag-house-of-the-dragon tag-leer-libro tag-reddit tag-the-boys tag-ver-serie\">\n\n<div class=\"wp-block-columns are-vertically-aligned-center is-layout-flex wp-container-core-columns-is-layout-7387b849 wp-block-columns-is-layout-flex\">\n<div class=\"wp-block-column is-vertically-aligned-center is-layout-flow wp-block-column-is-layout-flow\" style=\"flex-basis:25%\"><figure class=\"wp-block-post-featured-image\"><a href=\"https:\/\/www.entreletasyescenas.com\/wordpress\/2025\/12\/03\/por-que-las-adaptaciones-cambian-historias\/\" target=\"_self\"  ><img loading=\"lazy\" decoding=\"async\" width=\"672\" height=\"448\" src=\"https:\/\/www.entreletasyescenas.com\/wordpress\/wp-content\/uploads\/2025\/12\/Cine-y-literatura-libros-que-inspiraron-peliculas-de-exito.jpg\" class=\"attachment-post-thumbnail size-post-thumbnail wp-post-image\" alt=\"Gu\u00eda definitiva: Por qu\u00e9 las adaptaciones cambian las historias\" style=\"object-fit:cover;\" srcset=\"https:\/\/www.entreletasyescenas.com\/wordpress\/wp-content\/uploads\/2025\/12\/Cine-y-literatura-libros-que-inspiraron-peliculas-de-exito.jpg 672w, https:\/\/www.entreletasyescenas.com\/wordpress\/wp-content\/uploads\/2025\/12\/Cine-y-literatura-libros-que-inspiraron-peliculas-de-exito-300x200.jpg 300w\" sizes=\"auto, (max-width: 672px) 100vw, 672px\" \/><\/a><\/figure><\/div>\n\n\n\n<div class=\"wp-block-column is-vertically-aligned-center is-layout-flow wp-block-column-is-layout-flow\" style=\"flex-basis:75%\"><h2 class=\"wp-block-post-title has-medium-font-size\"><a href=\"https:\/\/www.entreletasyescenas.com\/wordpress\/2025\/12\/03\/por-que-las-adaptaciones-cambian-historias\/\" target=\"_self\" >Gu\u00eda definitiva: Por qu\u00e9 las adaptaciones cambian las historias<\/a><\/h2><\/div>\n<\/div>\n\n<\/li><li class=\"wp-block-post post-1 post type-post status-publish format-standard has-post-thumbnail hentry category-guias-definitivas-adaptaciones tag-eramos-mentirosos tag-esther-mcgregor tag-guia tag-joseph-zada tag-leer-libro tag-los-juegos-del-hambre-el-amanecer-de-la-cosecha tag-ver-serie\">\n\n<div class=\"wp-block-columns are-vertically-aligned-center is-layout-flex wp-container-core-columns-is-layout-7387b849 wp-block-columns-is-layout-flex\">\n<div class=\"wp-block-column is-vertically-aligned-center is-layout-flow wp-block-column-is-layout-flow\" style=\"flex-basis:25%\"><figure class=\"wp-block-post-featured-image\"><a href=\"https:\/\/www.entreletasyescenas.com\/wordpress\/2025\/10\/14\/leer-primero-el-libro-o-ver-primero-la-serie\/\" target=\"_self\"  ><img loading=\"lazy\" decoding=\"async\" width=\"978\" height=\"652\" src=\"https:\/\/www.entreletasyescenas.com\/wordpress\/wp-content\/uploads\/2025\/10\/libros-978x652-1.webp\" class=\"attachment-post-thumbnail size-post-thumbnail wp-post-image\" alt=\"Gu\u00eda definitiva: \u00bfLeer primero el libro o ver primero la serie?\" style=\"object-fit:cover;\" srcset=\"https:\/\/www.entreletasyescenas.com\/wordpress\/wp-content\/uploads\/2025\/10\/libros-978x652-1.webp 978w, https:\/\/www.entreletasyescenas.com\/wordpress\/wp-content\/uploads\/2025\/10\/libros-978x652-1-300x200.webp 300w, https:\/\/www.entreletasyescenas.com\/wordpress\/wp-content\/uploads\/2025\/10\/libros-978x652-1-768x512.webp 768w\" sizes=\"auto, (max-width: 978px) 100vw, 978px\" \/><\/a><\/figure><\/div>\n\n\n\n<div class=\"wp-block-column is-vertically-aligned-center is-layout-flow wp-block-column-is-layout-flow\" style=\"flex-basis:75%\"><h2 class=\"wp-block-post-title has-medium-font-size\"><a href=\"https:\/\/www.entreletasyescenas.com\/wordpress\/2025\/10\/14\/leer-primero-el-libro-o-ver-primero-la-serie\/\" target=\"_self\" >Gu\u00eda definitiva: \u00bfLeer primero el libro o ver primero la serie?<\/a><\/h2><\/div>\n<\/div>\n\n<\/li><\/ul><\/div>\n\n\n\n<p class=\"wp-block-paragraph\"><em>\u00bfQuieres saber m\u00e1s sobre adaptaciones y formatos te encajar\u00e1n mejor? Explora nuestros recursos y suscr\u00edbete a nuestra newsletter para recibir semanalmente actualizaciones directamente en tu correo.<\/em><\/p>\n\n\n\n<div class=\"wp-block-buttons is-content-justification-center is-layout-flex wp-container-core-buttons-is-layout-3e41869c wp-block-buttons-is-layout-flex\" id=\"\/suscribete-newsletter-estre-escenas-y-letras\">\n<div class=\"wp-block-button\"><a class=\"wp-block-button__link has-text-align-center wp-element-button\" href=\"https:\/\/www.entreletasyescenas.com\/wordpress\/suscribete-newsletter-estre-escenas-y-letras\/\">\u00a1Suscr\u00edbete a nuestra Newsletter!<\/a><\/div>\n<\/div>\n","protected":false},"excerpt":{"rendered":"<p>Descubre nuestras gu\u00edas definitivas que te ayudar\u00e1n a entender c\u00f3mo estan pensadas las adaptaciones literarias a la gran pantalla. \u00bfQuieres saber m\u00e1s sobre adaptaciones y formatos te encajar\u00e1n mejor? Explora [&hellip;]<\/p>\n","protected":false},"author":1,"featured_media":0,"parent":111,"menu_order":0,"comment_status":"closed","ping_status":"closed","template":"","meta":{"_crdt_document":"","footnotes":""},"class_list":["post-117","page","type-page","status-publish","hentry"],"yoast_head":"<!-- This site is optimized with the Yoast SEO plugin v27.1.1 - https:\/\/yoast.com\/product\/yoast-seo-wordpress\/ -->\n<title>GU\u00cdAS DEFINITIVAS - Entre letras y escenas<\/title>\n<meta name=\"description\" content=\"Descubre nuestras gu\u00edas definitivas que te ayudar\u00e1n a entender c\u00f3mo estan pensadas las adaptaciones literarias a la gran pantalla.\" \/>\n<meta name=\"robots\" content=\"index, follow, max-snippet:-1, max-image-preview:large, max-video-preview:-1\" \/>\n<link rel=\"canonical\" href=\"https:\/\/www.entreletasyescenas.com\/wordpress\/recursos-entre-letras-y-escenas\/guias-definitivas-entre-letras-y-escenas\/\" \/>\n<meta property=\"og:locale\" content=\"es_ES\" \/>\n<meta property=\"og:type\" content=\"article\" \/>\n<meta property=\"og:title\" content=\"GU\u00cdAS DEFINITIVAS - Entre letras y escenas\" \/>\n<meta property=\"og:description\" content=\"Descubre nuestras gu\u00edas definitivas que te ayudar\u00e1n a entender c\u00f3mo estan pensadas las adaptaciones literarias a la gran pantalla.\" \/>\n<meta property=\"og:url\" content=\"https:\/\/www.entreletasyescenas.com\/wordpress\/recursos-entre-letras-y-escenas\/guias-definitivas-entre-letras-y-escenas\/\" \/>\n<meta property=\"og:site_name\" content=\"Entre letras y escenas\" \/>\n<meta property=\"article:modified_time\" content=\"2025-12-05T09:56:14+00:00\" \/>\n<meta name=\"twitter:card\" content=\"summary_large_image\" \/>\n<meta name=\"twitter:label1\" content=\"Tiempo de lectura\" \/>\n\t<meta name=\"twitter:data1\" content=\"1 minuto\" \/>\n<script type=\"application\/ld+json\" class=\"yoast-schema-graph\">{\"@context\":\"https:\/\/schema.org\",\"@graph\":[{\"@type\":[\"WebPage\",\"CollectionPage\"],\"@id\":\"https:\/\/www.entreletasyescenas.com\/wordpress\/recursos-entre-letras-y-escenas\/guias-definitivas-entre-letras-y-escenas\/\",\"url\":\"https:\/\/www.entreletasyescenas.com\/wordpress\/recursos-entre-letras-y-escenas\/guias-definitivas-entre-letras-y-escenas\/\",\"name\":\"GU\u00cdAS DEFINITIVAS - Entre letras y escenas\",\"isPartOf\":{\"@id\":\"https:\/\/www.entreletasyescenas.com\/wordpress\/#website\"},\"datePublished\":\"2025-12-03T19:22:42+00:00\",\"dateModified\":\"2025-12-05T09:56:14+00:00\",\"description\":\"Descubre nuestras gu\u00edas definitivas que te ayudar\u00e1n a entender c\u00f3mo estan pensadas las adaptaciones literarias a la gran pantalla.\",\"breadcrumb\":{\"@id\":\"https:\/\/www.entreletasyescenas.com\/wordpress\/recursos-entre-letras-y-escenas\/guias-definitivas-entre-letras-y-escenas\/#breadcrumb\"},\"inLanguage\":\"es\"},{\"@type\":\"BreadcrumbList\",\"@id\":\"https:\/\/www.entreletasyescenas.com\/wordpress\/recursos-entre-letras-y-escenas\/guias-definitivas-entre-letras-y-escenas\/#breadcrumb\",\"itemListElement\":[{\"@type\":\"ListItem\",\"position\":1,\"name\":\"Portada\",\"item\":\"https:\/\/www.entreletasyescenas.com\/wordpress\/\"},{\"@type\":\"ListItem\",\"position\":2,\"name\":\"RECURSOS\",\"item\":\"https:\/\/www.entreletasyescenas.com\/wordpress\/recursos-entre-letras-y-escenas\/\"},{\"@type\":\"ListItem\",\"position\":3,\"name\":\"GU\u00cdAS DEFINITIVAS\"}]},{\"@type\":\"WebSite\",\"@id\":\"https:\/\/www.entreletasyescenas.com\/wordpress\/#website\",\"url\":\"https:\/\/www.entreletasyescenas.com\/wordpress\/\",\"name\":\"Entre letras y escenas\",\"description\":\"La gu\u00eda que conecta libros y pantallas. Descubre qu\u00e9 cambia, qu\u00e9 permanece y qu\u00e9 vale m\u00e1s la pena seg\u00fan tu forma de disfrutar historias\",\"publisher\":{\"@id\":\"https:\/\/www.entreletasyescenas.com\/wordpress\/#organization\"},\"potentialAction\":[{\"@type\":\"SearchAction\",\"target\":{\"@type\":\"EntryPoint\",\"urlTemplate\":\"https:\/\/www.entreletasyescenas.com\/wordpress\/?s={search_term_string}\"},\"query-input\":{\"@type\":\"PropertyValueSpecification\",\"valueRequired\":true,\"valueName\":\"search_term_string\"}}],\"inLanguage\":\"es\"},{\"@type\":\"Organization\",\"@id\":\"https:\/\/www.entreletasyescenas.com\/wordpress\/#organization\",\"name\":\"Entre letras y escenas\",\"url\":\"https:\/\/www.entreletasyescenas.com\/wordpress\/\",\"logo\":{\"@type\":\"ImageObject\",\"inLanguage\":\"es\",\"@id\":\"https:\/\/www.entreletasyescenas.com\/wordpress\/#\/schema\/logo\/image\/\",\"url\":\"https:\/\/www.entreletasyescenas.com\/wordpress\/wp-content\/uploads\/2025\/11\/cropped-cropped-cropped-fav_icon_EE.png\",\"contentUrl\":\"https:\/\/www.entreletasyescenas.com\/wordpress\/wp-content\/uploads\/2025\/11\/cropped-cropped-cropped-fav_icon_EE.png\",\"width\":510,\"height\":510,\"caption\":\"Entre letras y escenas\"},\"image\":{\"@id\":\"https:\/\/www.entreletasyescenas.com\/wordpress\/#\/schema\/logo\/image\/\"}}]}<\/script>\n<!-- \/ Yoast SEO plugin. -->","yoast_head_json":{"title":"GU\u00cdAS DEFINITIVAS - Entre letras y escenas","description":"Descubre nuestras gu\u00edas definitivas que te ayudar\u00e1n a entender c\u00f3mo estan pensadas las adaptaciones literarias a la gran pantalla.","robots":{"index":"index","follow":"follow","max-snippet":"max-snippet:-1","max-image-preview":"max-image-preview:large","max-video-preview":"max-video-preview:-1"},"canonical":"https:\/\/www.entreletasyescenas.com\/wordpress\/recursos-entre-letras-y-escenas\/guias-definitivas-entre-letras-y-escenas\/","og_locale":"es_ES","og_type":"article","og_title":"GU\u00cdAS DEFINITIVAS - Entre letras y escenas","og_description":"Descubre nuestras gu\u00edas definitivas que te ayudar\u00e1n a entender c\u00f3mo estan pensadas las adaptaciones literarias a la gran pantalla.","og_url":"https:\/\/www.entreletasyescenas.com\/wordpress\/recursos-entre-letras-y-escenas\/guias-definitivas-entre-letras-y-escenas\/","og_site_name":"Entre letras y escenas","article_modified_time":"2025-12-05T09:56:14+00:00","twitter_card":"summary_large_image","twitter_misc":{"Tiempo de lectura":"1 minuto"},"schema":{"@context":"https:\/\/schema.org","@graph":[{"@type":["WebPage","CollectionPage"],"@id":"https:\/\/www.entreletasyescenas.com\/wordpress\/recursos-entre-letras-y-escenas\/guias-definitivas-entre-letras-y-escenas\/","url":"https:\/\/www.entreletasyescenas.com\/wordpress\/recursos-entre-letras-y-escenas\/guias-definitivas-entre-letras-y-escenas\/","name":"GU\u00cdAS DEFINITIVAS - Entre letras y escenas","isPartOf":{"@id":"https:\/\/www.entreletasyescenas.com\/wordpress\/#website"},"datePublished":"2025-12-03T19:22:42+00:00","dateModified":"2025-12-05T09:56:14+00:00","description":"Descubre nuestras gu\u00edas definitivas que te ayudar\u00e1n a entender c\u00f3mo estan pensadas las adaptaciones literarias a la gran pantalla.","breadcrumb":{"@id":"https:\/\/www.entreletasyescenas.com\/wordpress\/recursos-entre-letras-y-escenas\/guias-definitivas-entre-letras-y-escenas\/#breadcrumb"},"inLanguage":"es"},{"@type":"BreadcrumbList","@id":"https:\/\/www.entreletasyescenas.com\/wordpress\/recursos-entre-letras-y-escenas\/guias-definitivas-entre-letras-y-escenas\/#breadcrumb","itemListElement":[{"@type":"ListItem","position":1,"name":"Portada","item":"https:\/\/www.entreletasyescenas.com\/wordpress\/"},{"@type":"ListItem","position":2,"name":"RECURSOS","item":"https:\/\/www.entreletasyescenas.com\/wordpress\/recursos-entre-letras-y-escenas\/"},{"@type":"ListItem","position":3,"name":"GU\u00cdAS DEFINITIVAS"}]},{"@type":"WebSite","@id":"https:\/\/www.entreletasyescenas.com\/wordpress\/#website","url":"https:\/\/www.entreletasyescenas.com\/wordpress\/","name":"Entre letras y escenas","description":"La gu\u00eda que conecta libros y pantallas. Descubre qu\u00e9 cambia, qu\u00e9 permanece y qu\u00e9 vale m\u00e1s la pena seg\u00fan tu forma de disfrutar historias","publisher":{"@id":"https:\/\/www.entreletasyescenas.com\/wordpress\/#organization"},"potentialAction":[{"@type":"SearchAction","target":{"@type":"EntryPoint","urlTemplate":"https:\/\/www.entreletasyescenas.com\/wordpress\/?s={search_term_string}"},"query-input":{"@type":"PropertyValueSpecification","valueRequired":true,"valueName":"search_term_string"}}],"inLanguage":"es"},{"@type":"Organization","@id":"https:\/\/www.entreletasyescenas.com\/wordpress\/#organization","name":"Entre letras y escenas","url":"https:\/\/www.entreletasyescenas.com\/wordpress\/","logo":{"@type":"ImageObject","inLanguage":"es","@id":"https:\/\/www.entreletasyescenas.com\/wordpress\/#\/schema\/logo\/image\/","url":"https:\/\/www.entreletasyescenas.com\/wordpress\/wp-content\/uploads\/2025\/11\/cropped-cropped-cropped-fav_icon_EE.png","contentUrl":"https:\/\/www.entreletasyescenas.com\/wordpress\/wp-content\/uploads\/2025\/11\/cropped-cropped-cropped-fav_icon_EE.png","width":510,"height":510,"caption":"Entre letras y escenas"},"image":{"@id":"https:\/\/www.entreletasyescenas.com\/wordpress\/#\/schema\/logo\/image\/"}}]}},"jetpack_sharing_enabled":true,"_links":{"self":[{"href":"https:\/\/www.entreletasyescenas.com\/wordpress\/wp-json\/wp\/v2\/pages\/117","targetHints":{"allow":["GET"]}}],"collection":[{"href":"https:\/\/www.entreletasyescenas.com\/wordpress\/wp-json\/wp\/v2\/pages"}],"about":[{"href":"https:\/\/www.entreletasyescenas.com\/wordpress\/wp-json\/wp\/v2\/types\/page"}],"author":[{"embeddable":true,"href":"https:\/\/www.entreletasyescenas.com\/wordpress\/wp-json\/wp\/v2\/users\/1"}],"replies":[{"embeddable":true,"href":"https:\/\/www.entreletasyescenas.com\/wordpress\/wp-json\/wp\/v2\/comments?post=117"}],"version-history":[{"count":6,"href":"https:\/\/www.entreletasyescenas.com\/wordpress\/wp-json\/wp\/v2\/pages\/117\/revisions"}],"predecessor-version":[{"id":271,"href":"https:\/\/www.entreletasyescenas.com\/wordpress\/wp-json\/wp\/v2\/pages\/117\/revisions\/271"}],"up":[{"embeddable":true,"href":"https:\/\/www.entreletasyescenas.com\/wordpress\/wp-json\/wp\/v2\/pages\/111"}],"wp:attachment":[{"href":"https:\/\/www.entreletasyescenas.com\/wordpress\/wp-json\/wp\/v2\/media?parent=117"}],"curies":[{"name":"wp","href":"https:\/\/api.w.org\/{rel}","templated":true}]}}